{"id":62,"date":"2021-04-19T23:00:02","date_gmt":"2021-04-20T05:00:02","guid":{"rendered":"http:\/\/34.125.46.169\/?page_id=62"},"modified":"2023-04-21T12:42:33","modified_gmt":"2023-04-21T18:42:33","slug":"webcast-series","status":"publish","type":"page","link":"https:\/\/franklincovey.cr\/en\/events\/webcast-series\/","title":{"rendered":"webcast-series"},"content":{"rendered":"\n<section class=\"block block-cta-hero \">\n\t<div class=\"uk-flex uk-justify-sb\">\n\t\t<div class=\"hero-content\">\n\t\t\t\t\t\t\t<div class=\"breadcrumbs\">\n\t\t\t\t\t\t\t\t\t\t\t\t<span class=\"linked\">Events<\/span>\n\t\t\t\t\t\t\t\t\t\t\t\t\t\t\t\t\t\t\t\t\t<\/div>\n\t\t\t\t\t\t<h1>FranklinCovey Webcasts<\/h1>\n\t\t\t\t\t\t\t\t\t\t\t<\/div>\n\t\t<div class=\"hero-image\">\n\t\t\t<img \n\t\t\t\tsrc=\"https:\/\/franklincovey.cr\/wp-content\/themes\/franklincovey\/img\/blank.gif\"\n\t\t\t\tdata-src=\"https:\/\/franklincovey.cr\/wp-content\/uploads\/2022\/01\/Hero_435-x-430-2-1.jpg\"\n\t\t\t\talt=\"\"\n\t\t\t\tclass=\"image-main lazy\">\n\t\t<\/div>\n\t<\/div>\n\t<span class=\"animated-line\"><\/span>\n<\/section>\n\n<section class=\"block block-intro-text\">\n    <div class=\"uk-flex uk-justify-sb\">\n        <div class=\"intro-headings\">\n            <h2> Join us for a live 60-minute complimentary webcast or one of our On Demand webcasts.<\/h2>\n        <\/div>\n        <div class=\"intro-text\">\n            <p>Discover how FranklinCovey\u2019s world-class solutions will allow your organization to expand its reach, achieve business outcomes, and sustainably impact performance. These webcasts are designed to help decision makers understand how FranklinCovey approaches different business challenges organizations face today.<\/p>\n        <\/div>\n    <\/div>\n<\/section>\n<section class=\"block block-webcasts-list\">\n\t<div class=\"uk-grid-medium uk-child-width-1-2@m\" uk-grid uk-height-match=\"target: .clickable-card\">\n\t\t\t\t\t\t<div>\n\t\t\t\t\t<a \n\t\t\t\t\t\thref=\"\"\n\t\t\t\t\t\ttarget=\"\"\n\t\t\t\t\t\ttitle=\"C\u00f3mo mejorar las habilidades humanas en la era de la IA\"\n\t\t\t\t\t\tclass=\"clickable-card uk-flex uk-justify-sb has-background bg-color-green\">\n\t\t\t\t        <div class=\"card-text\">\n\t\t\t\t            <h2 class=\"animated\">C\u00f3mo mejorar las habilidades humanas en la era de la IA <span class=\"carret\"><\/span><\/h2>\n\t\t\t\t            <p>La inteligencia artificial est\u00e1 transformando la forma de trabajar: automatiza tareas, analiza grandes vol\u00famenes de datos y redefine procesos completos. <\/p>\n<p>Pero mientras la tecnolog\u00eda avanza, muchas organizaciones se est\u00e1n dando cuenta de algo inquietante: la brecha cr\u00edtica no es solo t\u00e9cnica, es humana.<\/p>\n<p>En este webcast gratuito exploraremos c\u00f3mo est\u00e1 cambiando el trabajo con la IA, qu\u00e9 brechas de habilidades humanas est\u00e1n apareciendo y qu\u00e9 deben considerar los l\u00edderes para preparar a sus equipos para el futuro.<\/p>\n\t\t\t\t        <\/div>\n\t\t\t\t        <div class=\"card-image\">\n\t\t\t\t            <img\n\t\t\t\t            \tsrc=\"https:\/\/franklincovey.cr\/wp-content\/themes\/franklincovey\/img\/blank.gif\"\n\t\t\t\t            \tdata-src=\"https:\/\/franklincovey.cr\/wp-content\/uploads\/2026\/03\/Webcast-Marzo-250x561.jpg\"\n\t\t\t\t            \talt=\"\"\n\t\t\t\t            \ttitle=\"Webcast Marzo\"\n\t\t\t\t            \tclass=\"bw-to-color lazy\">\n\t\t\t\t        <\/div>\n\t\t\t    \t<\/a>\n\t\t\t    \t<a href=\"#\" class=\"btn btn-outline registration-details-buttons\" data-post=\"28999\">Detalles de Registro <span class=\"text-icon\">+<\/span><\/a>\n\t\t\t    \t<div class=\"registration-details\" id=\"reg-details-28999\" style=\"display: none;\">\n\t\t\t    \t\t<table cellpadding=\"0\" cellspacing=\"0\" width=\"100%\">\n\t\t\t\t    \t\t\t\t\t\t    \t\t\t<tr>\n\t\t\t\t    \t\t\t\t<td class=\"detail-date\">Jueves 26 de marzo 2026<\/td>\n\t\t\t\t    \t\t\t\t<td><a target=\"_blank\" href=\"https:\/\/youtu.be\/jHzn-VC9RUg\">Revise la grabaci\u00f3n del evento<\/a><\/td>\n\t\t\t\t    \t\t\t<\/tr>\n\t\t\t\t    \t\t\t\t\t\t    \t\t\t\t\t\t    \t<\/table>\n\t\t\t    \t<\/div>\n\t\t\t    <\/div>\n    \t\t<\/div>\n\t<span class=\"animated-line\"><\/span>\n<\/section>\n\n<script type=\"text\/javascript\">\n\tjQuery(function($){\n\t\tjQuery('.registration-details-buttons').click(function(e){\n\t\t\te.preventDefault();\n\t\t\tvar $me = jQuery(this);\n\t\t\tvar $container = jQuery(\"#reg-details-\" + $me.attr('data-post'));\n\t\t\tif($container.hasClass('opened')){\n\t\t\t\t$container.slideUp('fast');\n\t\t\t\t$me.find('span').html(\"+\");\n\t\t\t\t$container.removeClass('opened');\n\t\t\t}else{\n\t\t\t\t$container.slideDown('fast');\n\t\t\t\t$me.find('span').html(\"-\");\n\t\t\t\t$container.addClass('opened');\n\t\t\t}\n\t\t})\n\t});\n<\/script>\n\n\n<section class=\"block block-intro-text headings-right\">\n        <div class=\"uk-flex uk-justify-sb\">\n        <div class=\"intro-headings\">\n            <h2><h1>Contact Us Today<\/h1>\n<\/h2>\n        <\/div>\n        <div class=\"intro-text\">\n                            <p>For additional information, contact the program manager, Cheryl Anderson, at 801-817-6114 or via email at <a href=\"mailto:cheryl.anderson@franklincovey.com\">cheryl.anderson@franklincovey.com.<\/a><\/p>\n            \n                    <\/div>\n    <\/div>\n    <span class=\"animated-line\"><\/span>\n<\/section>","protected":false},"excerpt":{"rendered":"","protected":false},"author":16,"featured_media":0,"parent":60,"menu_order":1,"comment_status":"closed","ping_status":"closed","template":"","meta":{"_acf_changed":false,"footnotes":""},"wf_page_folders":[6],"class_list":["post-62","page","type-page","status-publish","hentry"],"acf":[],"_links":{"self":[{"href":"https:\/\/franklincovey.cr\/en\/wp-json\/wp\/v2\/pages\/62","targetHints":{"allow":["GET"]}}],"collection":[{"href":"https:\/\/franklincovey.cr\/en\/wp-json\/wp\/v2\/pages"}],"about":[{"href":"https:\/\/franklincovey.cr\/en\/wp-json\/wp\/v2\/types\/page"}],"author":[{"embeddable":true,"href":"https:\/\/franklincovey.cr\/en\/wp-json\/wp\/v2\/users\/16"}],"replies":[{"embeddable":true,"href":"https:\/\/franklincovey.cr\/en\/wp-json\/wp\/v2\/comments?post=62"}],"version-history":[{"count":0,"href":"https:\/\/franklincovey.cr\/en\/wp-json\/wp\/v2\/pages\/62\/revisions"}],"up":[{"embeddable":true,"href":"https:\/\/franklincovey.cr\/en\/wp-json\/wp\/v2\/pages\/60"}],"wp:attachment":[{"href":"https:\/\/franklincovey.cr\/en\/wp-json\/wp\/v2\/media?parent=62"}],"wp:term":[{"taxonomy":"wf_page_folders","embeddable":true,"href":"https:\/\/franklincovey.cr\/en\/wp-json\/wp\/v2\/wf_page_folders?post=62"}],"curies":[{"name":"wp","href":"https:\/\/api.w.org\/{rel}","templated":true}]}}