{"id":13720,"date":"2022-01-13T21:04:00","date_gmt":"2022-01-13T21:04:00","guid":{"rendered":"https:\/\/www.fcdev.com\/?page_id=13720"},"modified":"2022-08-05T02:55:58","modified_gmt":"2022-08-05T02:55:58","slug":"webcasts-events","status":"publish","type":"page","link":"https:\/\/franklincovey.cr\/en\/webcasts-events\/","title":{"rendered":"Webcasts"},"content":{"rendered":"\n<section class=\"block block-cta-hero \">\n\t<div class=\"uk-flex uk-justify-sb\">\n\t\t<div class=\"hero-content\">\n\t\t\t\t\t\t\t<div class=\"breadcrumbs\">\n\t\t\t\t\t\t\t\t\t\t\t\t<span class=\"linked\">Events<\/span>\n\t\t\t\t\t\t\t\t\t\t\t\t\t\t\t\t\t\t\t\t\t<\/div>\n\t\t\t\t\t\t<h1>FranklinCovey Webcasts<\/h1>\n\t\t\t\t\t\t\t\t\t\t\t<\/div>\n\t\t<div class=\"hero-image\">\n\t\t\t<img \n\t\t\t\tsrc=\"https:\/\/franklincovey.cr\/wp-content\/themes\/franklincovey\/img\/blank.gif\"\n\t\t\t\tdata-src=\"https:\/\/franklincovey.cr\/wp-content\/uploads\/2022\/01\/Hero_435-x-430-2-1.jpg\"\n\t\t\t\talt=\"\"\n\t\t\t\tclass=\"image-main lazy\">\n\t\t<\/div>\n\t<\/div>\n\t<span class=\"animated-line\"><\/span>\n<\/section>\n\n<section class=\"block block-intro-text\">\n    <div class=\"uk-flex uk-justify-sb\">\n        <div class=\"intro-headings\">\n            <h2> Join us for a live 60-minute complimentary webcast or one of our on-demand webcasts<\/h2>\n        <\/div>\n        <div class=\"intro-text\">\n            <p>Discover how FranklinCovey\u2019s world-class solutions will allow your organization to expand its reach, achieve your business outcomes, and sustainably impact performance. These webcasts are designed to help decision makers understand how FranklinCovey approaches different business challenges organizations face today.<\/p>\n        <\/div>\n    <\/div>\n<\/section>\n<section class=\"block block-webcasts-list\">\n\t<div class=\"uk-grid-medium uk-child-width-1-2@m\" uk-grid uk-height-match=\"target: .clickable-card\">\n\t\t\t\t\t\t<div>\n\t\t\t\t\t<a \n\t\t\t\t\t\thref=\"\"\n\t\t\t\t\t\ttarget=\"\"\n\t\t\t\t\t\ttitle=\"C\u00f3mo mejorar las habilidades humanas en la era de la IA\"\n\t\t\t\t\t\tclass=\"clickable-card uk-flex uk-justify-sb has-background bg-color-green\">\n\t\t\t\t        <div class=\"card-text\">\n\t\t\t\t            <h2 class=\"animated\">C\u00f3mo mejorar las habilidades humanas en la era de la IA <span class=\"carret\"><\/span><\/h2>\n\t\t\t\t            <p>La inteligencia artificial est\u00e1 transformando la forma de trabajar: automatiza tareas, analiza grandes vol\u00famenes de datos y redefine procesos completos. <\/p>\n<p>Pero mientras la tecnolog\u00eda avanza, muchas organizaciones se est\u00e1n dando cuenta de algo inquietante: la brecha cr\u00edtica no es solo t\u00e9cnica, es humana.<\/p>\n<p>En este webcast gratuito exploraremos c\u00f3mo est\u00e1 cambiando el trabajo con la IA, qu\u00e9 brechas de habilidades humanas est\u00e1n apareciendo y qu\u00e9 deben considerar los l\u00edderes para preparar a sus equipos para el futuro.<\/p>\n\t\t\t\t        <\/div>\n\t\t\t\t        <div class=\"card-image\">\n\t\t\t\t            <img\n\t\t\t\t            \tsrc=\"https:\/\/franklincovey.cr\/wp-content\/themes\/franklincovey\/img\/blank.gif\"\n\t\t\t\t            \tdata-src=\"https:\/\/franklincovey.cr\/wp-content\/uploads\/2026\/03\/Webcast-Marzo-250x561.jpg\"\n\t\t\t\t            \talt=\"\"\n\t\t\t\t            \ttitle=\"Webcast Marzo\"\n\t\t\t\t            \tclass=\"bw-to-color lazy\">\n\t\t\t\t        <\/div>\n\t\t\t    \t<\/a>\n\t\t\t    \t<a href=\"#\" class=\"btn btn-outline registration-details-buttons\" data-post=\"28999\">Detalles de Registro <span class=\"text-icon\">+<\/span><\/a>\n\t\t\t    \t<div class=\"registration-details\" id=\"reg-details-28999\" style=\"display: none;\">\n\t\t\t    \t\t<table cellpadding=\"0\" cellspacing=\"0\" width=\"100%\">\n\t\t\t\t    \t\t\t\t\t\t    \t\t\t<tr>\n\t\t\t\t    \t\t\t\t<td class=\"detail-date\">Jueves 26 de marzo 2026<\/td>\n\t\t\t\t    \t\t\t\t<td><a target=\"_blank\" href=\"https:\/\/youtu.be\/jHzn-VC9RUg\">Revise la grabaci\u00f3n del evento<\/a><\/td>\n\t\t\t\t    \t\t\t<\/tr>\n\t\t\t\t    \t\t\t\t\t\t    \t\t\t\t\t\t    \t<\/table>\n\t\t\t    \t<\/div>\n\t\t\t    <\/div>\n    \t\t\t\t\t<div>\n\t\t\t\t\t<a \n\t\t\t\t\t\thref=\"\"\n\t\t\t\t\t\ttarget=\"\"\n\t\t\t\t\t\ttitle=\"C\u00f3mo los l\u00edderes convierten la Disrupci\u00f3n en Oportunidad\u00ae\"\n\t\t\t\t\t\tclass=\"clickable-card uk-flex uk-justify-sb has-background bg-color-purple\">\n\t\t\t\t        <div class=\"card-text\">\n\t\t\t\t            <h2 class=\"animated\">C\u00f3mo los l\u00edderes convierten la Disrupci\u00f3n en Oportunidad\u00ae <span class=\"carret\"><\/span><\/h2>\n\t\t\t\t            <p>La disrupci\u00f3n dej\u00f3 de ser un evento aislado para convertirse en la forma normal de operar. Las organizaciones que aceptan la disrupci\u00f3n como constante y aprenden a usarla como acelerador desarrollan la agilidad necesaria para prosperar en medio de ella.<br \/>\nPensando en este contexto, le invitamos a nuestro pr\u00f3ximo webcast gratuito<\/p>\n\t\t\t\t        <\/div>\n\t\t\t\t        <div class=\"card-image\">\n\t\t\t\t            <img\n\t\t\t\t            \tsrc=\"https:\/\/franklincovey.cr\/wp-content\/themes\/franklincovey\/img\/blank.gif\"\n\t\t\t\t            \tdata-src=\"https:\/\/franklincovey.cr\/wp-content\/uploads\/2026\/03\/Webcast-Abril-250x561.jpg\"\n\t\t\t\t            \talt=\"\"\n\t\t\t\t            \ttitle=\"Webcast Abril\"\n\t\t\t\t            \tclass=\"bw-to-color lazy\">\n\t\t\t\t        <\/div>\n\t\t\t    \t<\/a>\n\t\t\t    \t<a href=\"#\" class=\"btn btn-outline registration-details-buttons\" data-post=\"29072\">Detalles de Registro <span class=\"text-icon\">+<\/span><\/a>\n\t\t\t    \t<div class=\"registration-details\" id=\"reg-details-29072\" style=\"display: none;\">\n\t\t\t    \t\t<table cellpadding=\"0\" cellspacing=\"0\" width=\"100%\">\n\t\t\t\t    \t\t\t\t\t\t    \t\t\t<tr>\n\t\t\t\t    \t\t\t\t<td class=\"detail-date\">Jueves 23 de abril 2026<\/td>\n\t\t\t\t    \t\t\t\t<td><a target=\"_blank\" href=\"https:\/\/franklincovey.zoom.us\/webinar\/register\/5817755919960\/WN_rvlJqn0zQRiTvJ-0SMN0DQ\">Inscripci\u00f3n gratuita<\/a><\/td>\n\t\t\t\t    \t\t\t<\/tr>\n\t\t\t\t    \t\t\t\t\t\t    \t\t\t\t\t\t    \t<\/table>\n\t\t\t    \t<\/div>\n\t\t\t    <\/div>\n    \t\t<\/div>\n\t<span class=\"animated-line\"><\/span>\n<\/section>\n\n<script type=\"text\/javascript\">\n\tjQuery(function($){\n\t\tjQuery('.registration-details-buttons').click(function(e){\n\t\t\te.preventDefault();\n\t\t\tvar $me = jQuery(this);\n\t\t\tvar $container = jQuery(\"#reg-details-\" + $me.attr('data-post'));\n\t\t\tif($container.hasClass('opened')){\n\t\t\t\t$container.slideUp('fast');\n\t\t\t\t$me.find('span').html(\"+\");\n\t\t\t\t$container.removeClass('opened');\n\t\t\t}else{\n\t\t\t\t$container.slideDown('fast');\n\t\t\t\t$me.find('span').html(\"-\");\n\t\t\t\t$container.addClass('opened');\n\t\t\t}\n\t\t})\n\t});\n<\/script>","protected":false},"excerpt":{"rendered":"","protected":false},"author":26,"featured_media":0,"parent":0,"menu_order":0,"comment_status":"closed","ping_status":"closed","template":"","meta":{"_acf_changed":false,"footnotes":""},"wf_page_folders":[35],"class_list":["post-13720","page","type-page","status-publish","hentry"],"acf":[],"_links":{"self":[{"href":"https:\/\/franklincovey.cr\/en\/wp-json\/wp\/v2\/pages\/13720","targetHints":{"allow":["GET"]}}],"collection":[{"href":"https:\/\/franklincovey.cr\/en\/wp-json\/wp\/v2\/pages"}],"about":[{"href":"https:\/\/franklincovey.cr\/en\/wp-json\/wp\/v2\/types\/page"}],"author":[{"embeddable":true,"href":"https:\/\/franklincovey.cr\/en\/wp-json\/wp\/v2\/users\/26"}],"replies":[{"embeddable":true,"href":"https:\/\/franklincovey.cr\/en\/wp-json\/wp\/v2\/comments?post=13720"}],"version-history":[{"count":0,"href":"https:\/\/franklincovey.cr\/en\/wp-json\/wp\/v2\/pages\/13720\/revisions"}],"wp:attachment":[{"href":"https:\/\/franklincovey.cr\/en\/wp-json\/wp\/v2\/media?parent=13720"}],"wp:term":[{"taxonomy":"wf_page_folders","embeddable":true,"href":"https:\/\/franklincovey.cr\/en\/wp-json\/wp\/v2\/wf_page_folders?post=13720"}],"curies":[{"name":"wp","href":"https:\/\/api.w.org\/{rel}","templated":true}]}}